{"id":37749,"date":"2024-07-03T10:39:10","date_gmt":"2024-07-03T10:39:10","guid":{"rendered":"https:\/\/www.sinaadz.com\/%d9%85%d8%b9%d9%84%d9%88%d9%85%d8%a7%d8%aa-%d9%85%d9%81%d9%8a%d8%af%d8%a9\/"},"modified":"2026-02-26T15:24:25","modified_gmt":"2026-02-26T15:24:25","slug":"%d9%85%d8%b9%d9%84%d9%88%d9%85%d8%a7%d8%aa-%d9%85%d9%81%d9%8a%d8%af%d8%a9","status":"publish","type":"page","link":"https:\/\/www.sinaadz.com\/ar\/%d9%85%d8%b9%d9%84%d9%88%d9%85%d8%a7%d8%aa-%d9%85%d9%81%d9%8a%d8%af%d8%a9\/","title":{"rendered":"\u0645\u0639\u0644\u0648\u0645\u0627\u062a \u0645\u0641\u064a\u062f\u0629"},"content":{"rendered":"\t\t<div data-elementor-type=\"wp-page\" data-elementor-id=\"37749\" class=\"elementor elementor-37749 elementor-539\" data-elementor-post-type=\"page\">\n\t\t\t\t\t\t<section class=\"elementor-section elementor-top-section elementor-element elementor-element-0e0bf86 elementor-section-full_width elementor-section-height-min-height elementor-section-content-middle elementor-section-height-default elementor-section-items-middle\" data-id=\"0e0bf86\" data-element_type=\"section\" data-settings=\"{&quot;background_background&quot;:&quot;classic&quot;}\">\n\t\t\t\t\t\t\t<div class=\"elementor-background-overlay\"><\/div>\n\t\t\t\t\t\t\t<div class=\"elementor-container elementor-column-gap-custom\">\n\t\t\t\t\t<div class=\"elementor-column elementor-col-100 elementor-top-column elementor-element elementor-element-834258d\" data-id=\"834258d\" data-element_type=\"column\">\n\t\t\t<div class=\"elementor-widget-wrap elementor-element-populated\">\n\t\t\t\t\t\t<div class=\"elementor-element elementor-element-eb4f2c7 elementor-widget elementor-widget-heading\" data-id=\"eb4f2c7\" data-element_type=\"widget\" data-widget_type=\"heading.default\">\n\t\t\t\t<div class=\"elementor-widget-container\">\n\t\t\t\t\t<h1 class=\"elementor-heading-title elementor-size-default\">\u0645\u0639\u0644\u0648\u0645\u0627\u062a \u0639\u0645\u0644\u064a\u0629\n<\/h1>\t\t\t\t<\/div>\n\t\t\t\t<\/div>\n\t\t\t\t<section class=\"elementor-section elementor-inner-section elementor-element elementor-element-8ac24e0 elementor-section-full_width elementor-section-height-default elementor-section-height-default\" data-id=\"8ac24e0\" data-element_type=\"section\">\n\t\t\t\t\t\t<div class=\"elementor-container elementor-column-gap-default\">\n\t\t\t\t\t<div class=\"elementor-column elementor-col-50 elementor-inner-column elementor-element elementor-element-d878ffa\" data-id=\"d878ffa\" data-element_type=\"column\" data-settings=\"{&quot;background_background&quot;:&quot;classic&quot;}\">\n\t\t\t<div class=\"elementor-widget-wrap elementor-element-populated\">\n\t\t\t\t\t\t<div class=\"elementor-element elementor-element-eed5f37 elementor-widget elementor-widget-heading\" data-id=\"eed5f37\" data-element_type=\"widget\" data-widget_type=\"heading.default\">\n\t\t\t\t<div class=\"elementor-widget-container\">\n\t\t\t\t\t<h2 class=\"elementor-heading-title elementor-size-default\">\u0645\u0648\u0642\u0639 \u0627\u0644\u0639\u0631\u0636<\/h2>\t\t\t\t<\/div>\n\t\t\t\t<\/div>\n\t\t\t\t<div class=\"elementor-element elementor-element-0c90827 elementor-widget elementor-widget-heading\" data-id=\"0c90827\" data-element_type=\"widget\" data-widget_type=\"heading.default\">\n\t\t\t\t<div class=\"elementor-widget-container\">\n\t\t\t\t\t<h2 class=\"elementor-heading-title elementor-size-default\"><br> \u0633\u064a\u0642\u0627\u0645 \u0645\u0639\u0631\u0636 SINAA Expo Industries \u0641\u064a \u0642\u0635\u0631 \u0627\u0644\u0645\u0639\u0627\u0631\u0636 SAFEX \u0628\u0627\u0644\u062c\u0632\u0627\u0626\u0631 \u0627\u0644\u0639\u0627\u0635\u0645\u0629 \u0639\u0644\u0649 \u0645\u0633\u062a\u0648\u0649 \u0627\u0644\u062c\u0646\u0627\u062d\/\u0627\u0644\u0642\u0627\u0639\u0629 \u00ab\u0627\u0644\u0645\u0631\u0643\u0632\u064a\u00bb. <br> <br> \u0644\u0625\u0631\u0634\u0627\u062f\u0643\u060c \u0639\u0646\u062f\u0645\u0627 \u062a\u0643\u0648\u0646 \u0639\u0644\u0649 \u0627\u0644\u0633\u0627\u062d\u0629 \u0627\u0644\u0631\u0626\u064a\u0633\u064a\u0629 \u0644\u0640 SAFEX\u060c \u064a\u0642\u0639 \u0627\u0644\u062c\u0646\u0627\u062d \u0627\u0644\u0645\u0631\u0643\u0632\u064a \u00abPAVILLON CENTRAL\u00bb \u0641\u064a \u0627\u0644\u062c\u0647\u0629 \u0627\u0644\u0645\u0642\u0627\u0628\u0644\u0629 \u062a\u0645\u0627\u0645\u064b\u0627. <br> <br> <br> <br><\/h2>\t\t\t\t<\/div>\n\t\t\t\t<\/div>\n\t\t\t\t<div class=\"elementor-element elementor-element-11c9b3f elementor-widget elementor-widget-ics-button\" data-id=\"11c9b3f\" data-element_type=\"widget\" data-widget_type=\"ics-button.default\">\n\t\t\t\t<div class=\"elementor-widget-container\">\n\t\t\t\t\t        <form class=\"elementor-button-wrapper\" method=\"post\" action=\"https:\/\/www.sinaadz.com\/wp\/wp-admin\/admin-ajax.php?action=ical\" target=\"_blank\">\n            <input type=\"hidden\" id=\"event_nonce\" name=\"event_nonce\" value=\"8747ba2d28\" \/><input type=\"hidden\" name=\"_wp_http_referer\" value=\"\/ar\/wp-json\/wp\/v2\/pages\/37749\" \/>                <input type=\"hidden\" name=\"event_title\" value=\"SINAA Expo Industries\"\/>\n                                <input type=\"hidden\" name=\"event_description\" value=\"\u0627\u0644\u0645\u0639\u0631\u0636 \u0627\u0644\u062f\u0648\u0644\u064a \u0644\u0644\u0635\u0646\u0627\u0639\u0629 \u0641\u064a \u0627\u0644\u062c\u0632\u0627\u0626\u0631\"\/>\n                                <input type=\"hidden\" name=\"event_date_start\" value=\"2024-12-03 09:00\"\/>\n                                <input type=\"hidden\" name=\"event_date_end\" value=\"2023-02-05 18:00\"\/>\n                                <input type=\"hidden\" name=\"event_timezone\" value=\"3\"\/>\n                                <input type=\"hidden\" name=\"event_location\" value=\"\u0633\u0627\u0641\u0643\u0633-SAFEX (\u0627\u0644\u062c\u0646\u0627\u062d \u0627\u0644\u0645\u0631\u0643\u0632\u064a)\"\/>\n                            <input type=\"hidden\" name=\"event_url\" value=\"www.sinaadz.com\"\/>\n            <button type=\"submit\" class=\"elementor-button elementor-button-ical elementor-animation-grow\" role=\"button\">\n                        <span class=\"elementor-button-content-wrapper\">\n\t\t\t\t\t\t<span class=\"elementor-button-text\">\u062a\u0642\u0648\u064a\u0645 \u0627\u0644\u0628\u0631\u064a\u062f \u0627\u0644\u0625\u0644\u0643\u062a\u0631\u0648\u0646\u064a<\/span>\n\t\t<\/span>\n                    <\/button>\n        <\/form>\n        \t\t\t\t<\/div>\n\t\t\t\t<\/div>\n\t\t\t\t\t<\/div>\n\t\t<\/div>\n\t\t\t\t<div class=\"elementor-column elementor-col-50 elementor-inner-column elementor-element elementor-element-3fc360f elementor-hidden-mobile\" data-id=\"3fc360f\" data-element_type=\"column\">\n\t\t\t<div class=\"elementor-widget-wrap elementor-element-populated\">\n\t\t\t\t\t\t<div class=\"elementor-element elementor-element-6e045ae elementor-hidden-desktop elementor-hidden-tablet elementor-hidden-mobile elementor-widget elementor-widget-image\" data-id=\"6e045ae\" data-element_type=\"widget\" data-widget_type=\"image.default\">\n\t\t\t\t<div class=\"elementor-widget-container\">\n\t\t\t\t\t\t\t\t\t\t\t\t\t\t\t<img fetchpriority=\"high\" decoding=\"async\" width=\"788\" height=\"577\" src=\"https:\/\/easyfairsassets.com\/sites\/76\/2022\/10\/Plan-Safex-Alger.png\" class=\"attachment-full size-full wp-image-31634\" alt=\"\" srcset=\"https:\/\/easyfairsassets.com\/sites\/76\/2022\/10\/Plan-Safex-Alger.png 788w, https:\/\/easyfairsassets.com\/sites\/76\/2022\/10\/Plan-Safex-Alger-300x220.png 300w, https:\/\/easyfairsassets.com\/sites\/76\/2022\/10\/Plan-Safex-Alger-768x562.png 768w\" sizes=\"(max-width: 788px) 100vw, 788px\" \/>\t\t\t\t\t\t\t\t\t\t\t\t\t\t\t<\/div>\n\t\t\t\t<\/div>\n\t\t\t\t\t<\/div>\n\t\t<\/div>\n\t\t\t\t\t<\/div>\n\t\t<\/section>\n\t\t\t\t\t<\/div>\n\t\t<\/div>\n\t\t\t\t\t<\/div>\n\t\t<\/section>\n\t\t\t\t<section class=\"elementor-section elementor-top-section elementor-element elementor-element-58462e9 elementor-section-full_width elementor-section-height-min-height elementor-section-height-default elementor-section-items-middle\" data-id=\"58462e9\" data-element_type=\"section\" data-settings=\"{&quot;background_background&quot;:&quot;classic&quot;}\">\n\t\t\t\t\t\t\t<div class=\"elementor-background-overlay\"><\/div>\n\t\t\t\t\t\t\t<div class=\"elementor-container elementor-column-gap-custom\">\n\t\t\t\t\t<div class=\"elementor-column elementor-col-100 elementor-top-column elementor-element elementor-element-d425bf6\" data-id=\"d425bf6\" data-element_type=\"column\">\n\t\t\t<div class=\"elementor-widget-wrap elementor-element-populated\">\n\t\t\t\t\t\t<section class=\"elementor-section elementor-inner-section elementor-element elementor-element-c9448e8 elementor-section-full_width elementor-section-height-default elementor-section-height-default\" data-id=\"c9448e8\" data-element_type=\"section\">\n\t\t\t\t\t\t<div class=\"elementor-container elementor-column-gap-default\">\n\t\t\t\t\t<div class=\"elementor-column elementor-col-100 elementor-inner-column elementor-element elementor-element-46397cb\" data-id=\"46397cb\" data-element_type=\"column\">\n\t\t\t<div class=\"elementor-widget-wrap elementor-element-populated\">\n\t\t\t\t\t\t<div class=\"elementor-element elementor-element-afc9e44 elementor-widget elementor-widget-heading\" data-id=\"afc9e44\" data-element_type=\"widget\" data-widget_type=\"heading.default\">\n\t\t\t\t<div class=\"elementor-widget-container\">\n\t\t\t\t\t<h2 class=\"elementor-heading-title elementor-size-default\">\u0627\u0644\u062a\u0648\u0627\u0631\u064a\u062e \u0648\u0627\u0644\u0623\u0648\u0642\u0627\u062a<\/h2>\t\t\t\t<\/div>\n\t\t\t\t<\/div>\n\t\t\t\t<div class=\"elementor-element elementor-element-33aa8bb elementor-widget elementor-widget-text-editor\" data-id=\"33aa8bb\" data-element_type=\"widget\" data-widget_type=\"text-editor.default\">\n\t\t\t\t<div class=\"elementor-widget-container\">\n\t\t\t\t\t\t\t\t\t<h3>\u0627\u0644\u062b\u0644\u0627\u062b\u0627\u0621 1 \u062f\u064a\u0633\u0645\u0628\u0631 2026: 09:00-18:00<\/h3><h3>\u0627\u0644\u0623\u0631\u0628\u0639\u0627\u0621 2 \u062f\u064a\u0633\u0645\u0628\u0631 2026: 09:00-18:00<\/h3><h3>\u0627\u0644\u062e\u0645\u064a\u0633 3 \u062f\u064a\u0633\u0645\u0628\u0631 2026: 09:00-18:00<\/h3>\t\t\t\t\t\t\t\t<\/div>\n\t\t\t\t<\/div>\n\t\t\t\t\t<\/div>\n\t\t<\/div>\n\t\t\t\t\t<\/div>\n\t\t<\/section>\n\t\t\t\t<section class=\"elementor-section elementor-inner-section elementor-element elementor-element-f6ab74d elementor-section-full_width elementor-hidden-desktop elementor-hidden-tablet elementor-hidden-mobile elementor-section-height-default elementor-section-height-default\" data-id=\"f6ab74d\" data-element_type=\"section\">\n\t\t\t\t\t\t<div class=\"elementor-container elementor-column-gap-default\">\n\t\t\t\t\t<div class=\"elementor-column elementor-col-50 elementor-inner-column elementor-element elementor-element-a89d76d\" data-id=\"a89d76d\" data-element_type=\"column\">\n\t\t\t<div class=\"elementor-widget-wrap elementor-element-populated\">\n\t\t\t\t\t\t<div class=\"elementor-element elementor-element-5279b21 elementor-align-right elementor-widget elementor-widget-dynamic-button\" data-id=\"5279b21\" data-element_type=\"widget\" data-settings=\"{&quot;_animation&quot;:&quot;none&quot;}\" data-widget_type=\"dynamic-button.default\">\n\t\t\t\t<div class=\"elementor-widget-container\">\n\t\t\t\t\t        <div class=\"elementor-button-wrapper\">\n            <a href=\"https:\/\/\" class=\"elementor-button-link elementor-button elementor-size-sm elementor-animation-grow\" role=\"button\">\n                        <span class=\"elementor-button-content-wrapper\">\n\t\t\t                <span class=\"elementor-button-icon elementor-align-icon-right\">\n\t\t\t\t<i aria-hidden=\"true\" class=\"fas fa-angle-right\"><\/i>\t\t\t<\/span>\n            \t\t\t<span class=\"elementor-button-text\">\u0627\u0644\u064a\u0648\u0645 1<\/span>\n\t\t<\/span>\n                    <\/a>\n        <\/div>\n        \t\t\t\t<\/div>\n\t\t\t\t<\/div>\n\t\t\t\t\t<\/div>\n\t\t<\/div>\n\t\t\t\t<div class=\"elementor-column elementor-col-50 elementor-inner-column elementor-element elementor-element-b56a929\" data-id=\"b56a929\" data-element_type=\"column\">\n\t\t\t<div class=\"elementor-widget-wrap elementor-element-populated\">\n\t\t\t\t\t\t<div class=\"elementor-element elementor-element-3feefdb elementor-align-left elementor-widget elementor-widget-dynamic-button\" data-id=\"3feefdb\" data-element_type=\"widget\" data-settings=\"{&quot;_animation&quot;:&quot;none&quot;}\" data-widget_type=\"dynamic-button.default\">\n\t\t\t\t<div class=\"elementor-widget-container\">\n\t\t\t\t\t        <div class=\"elementor-button-wrapper\">\n            <a href=\"https:\/\/\" class=\"elementor-button-link elementor-button elementor-size-sm elementor-animation-grow\" role=\"button\">\n                        <span class=\"elementor-button-content-wrapper\">\n\t\t\t                <span class=\"elementor-button-icon elementor-align-icon-right\">\n\t\t\t\t<i aria-hidden=\"true\" class=\"fas fa-angle-right\"><\/i>\t\t\t<\/span>\n            \t\t\t<span class=\"elementor-button-text\">\u0627\u0644\u064a\u0648\u0645 2<\/span>\n\t\t<\/span>\n                    <\/a>\n        <\/div>\n        \t\t\t\t<\/div>\n\t\t\t\t<\/div>\n\t\t\t\t\t<\/div>\n\t\t<\/div>\n\t\t\t\t\t<\/div>\n\t\t<\/section>\n\t\t\t\t\t<\/div>\n\t\t<\/div>\n\t\t\t\t\t<\/div>\n\t\t<\/section>\n\t\t\t\t<section class=\"elementor-section elementor-top-section elementor-element elementor-element-36ee019 elementor-section-full_width elementor-section-height-default elementor-section-height-default\" data-id=\"36ee019\" data-element_type=\"section\">\n\t\t\t\t\t\t<div class=\"elementor-container elementor-column-gap-custom\">\n\t\t\t\t\t<div class=\"elementor-column elementor-col-100 elementor-top-column elementor-element elementor-element-85de82d\" data-id=\"85de82d\" data-element_type=\"column\">\n\t\t\t<div class=\"elementor-widget-wrap elementor-element-populated\">\n\t\t\t\t\t\t<div class=\"elementor-element elementor-element-6a751a2 elementor-widget elementor-widget-heading\" data-id=\"6a751a2\" data-element_type=\"widget\" data-widget_type=\"heading.default\">\n\t\t\t\t<div class=\"elementor-widget-container\">\n\t\t\t\t\t<h2 class=\"elementor-heading-title elementor-size-default\">\u0627\u0644\u0641\u0646\u0627\u062f\u0642 \u0627\u0644\u0642\u0631\u064a\u0628\u0629 \u0645\u0646 \u0627\u0644\u062d\u062f\u062b:<\/h2>\t\t\t\t<\/div>\n\t\t\t\t<\/div>\n\t\t\t\t<section class=\"elementor-section elementor-inner-section elementor-element elementor-element-394f5d1 elementor-section-full_width elementor-section-height-default elementor-section-height-default\" data-id=\"394f5d1\" data-element_type=\"section\">\n\t\t\t\t\t\t<div class=\"elementor-container elementor-column-gap-default\">\n\t\t\t\t\t<div class=\"elementor-column elementor-col-20 elementor-inner-column elementor-element elementor-element-8b60006\" data-id=\"8b60006\" data-element_type=\"column\">\n\t\t\t<div class=\"elementor-widget-wrap\">\n\t\t\t\t\t\t\t<\/div>\n\t\t<\/div>\n\t\t\t\t<div class=\"elementor-column elementor-col-20 elementor-inner-column elementor-element elementor-element-5fc951d\" data-id=\"5fc951d\" data-element_type=\"column\">\n\t\t\t<div class=\"elementor-widget-wrap elementor-element-populated\">\n\t\t\t\t\t\t<div class=\"elementor-element elementor-element-e445b86 elementor-flip-box--effect-fade elementor-widget elementor-widget-flip-box\" data-id=\"e445b86\" data-element_type=\"widget\" data-widget_type=\"flip-box.default\">\n\t\t\t\t<div class=\"elementor-widget-container\">\n\t\t\t\t\t\t\t<div class=\"elementor-flip-box\" tabindex=\"0\">\n\t\t\t<div class=\"elementor-flip-box__layer elementor-flip-box__front\">\n\t\t\t\t<div class=\"elementor-flip-box__layer__overlay\">\n\t\t\t\t\t<div class=\"elementor-flip-box__layer__inner\">\n\t\t\t\t\t\t\n\t\t\t\t\t\t\t\t\t\t\t\t\t<h3 class=\"elementor-flip-box__layer__title\">\n\t\t\t\t\t\t\t\tMariott\t\t\t\t\t\t\t<\/h3>\n\t\t\t\t\t\t\n\t\t\t\t\t\t\t\t\t\t\t\t\t<div class=\"elementor-flip-box__layer__description\">\n\t\t\t\t\t\t\t\t10 \u062f\u0642\u0627\u0626\u0642 \u0645\u0646 \u0633\u0627\u0641\u0643\u0633-SAFEX\t\t\t\t\t\t\t<\/div>\n\t\t\t\t\t\t\t\t\t\t\t<\/div>\n\t\t\t\t<\/div>\n\t\t\t<\/div>\n\t\t\t<div class=\"elementor-flip-box__layer elementor-flip-box__back\">\n\t\t\t<div class=\"elementor-flip-box__layer__overlay\">\n\t\t\t\t<div class=\"elementor-flip-box__layer__inner\">\n\t\t\t\t\t\t\t\t\t\t\t<h3 class=\"elementor-flip-box__layer__title\">\n\t\t\t\t\t\t\tMariott\t\t\t\t\t\t<\/h3>\n\t\t\t\t\t\n\t\t\t\t\t\t\t\t\t\t\t<div class=\"elementor-flip-box__layer__description\">\n\t\t\t\t\t\t\t10 \u062f\u0642\u0627\u0626\u0642 \u0645\u0646 \u0633\u0627\u0641\u0643\u0633-SAFEX\t\t\t\t\t\t<\/div>\n\t\t\t\t\t\n\t\t\t\t\t\t\t\t\t\t\t<a class=\"elementor-flip-box__button elementor-button elementor-size-sm\" href=\"https:\/\/www.marriott.com\/event-reservations\/reservation-link.mi?id=1729513809917&#038;key=GRP&#038;guestreslink2=true\" target=\"_blank\">\n\t\t\t\t\t\t\t\u0627\u062d\u062c\u0632\t\t\t\t\t\t<\/a>\n\t\t\t\t\t\t\t\t<\/div>\n\t\t<\/div>\n\t\t<\/div>\n\t\t<\/div>\n\t\t\t\t\t\t<\/div>\n\t\t\t\t<\/div>\n\t\t\t\t\t<\/div>\n\t\t<\/div>\n\t\t\t\t<div class=\"elementor-column elementor-col-20 elementor-inner-column elementor-element elementor-element-b56b841\" data-id=\"b56b841\" data-element_type=\"column\">\n\t\t\t<div class=\"elementor-widget-wrap elementor-element-populated\">\n\t\t\t\t\t\t<div class=\"elementor-element elementor-element-5c29661 elementor-flip-box--effect-fade elementor-widget elementor-widget-flip-box\" data-id=\"5c29661\" data-element_type=\"widget\" data-widget_type=\"flip-box.default\">\n\t\t\t\t<div class=\"elementor-widget-container\">\n\t\t\t\t\t\t\t<div class=\"elementor-flip-box\" tabindex=\"0\">\n\t\t\t<div class=\"elementor-flip-box__layer elementor-flip-box__front\">\n\t\t\t\t<div class=\"elementor-flip-box__layer__overlay\">\n\t\t\t\t\t<div class=\"elementor-flip-box__layer__inner\">\n\t\t\t\t\t\t\n\t\t\t\t\t\t\t\t\t\t\t\t\t<h3 class=\"elementor-flip-box__layer__title\">\n\t\t\t\t\t\t\t\t Hyatt Regency\t\t\t\t\t\t\t<\/h3>\n\t\t\t\t\t\t\n\t\t\t\t\t\t\t\t\t\t\t\t\t<div class=\"elementor-flip-box__layer__description\">\n\t\t\t\t\t\t\t\t15 \u062f\u0642\u0627\u0626\u0642 \u0645\u0646 \u0633\u0627\u0641\u0643\u0633-SAFEX\t\t\t\t\t\t\t<\/div>\n\t\t\t\t\t\t\t\t\t\t\t<\/div>\n\t\t\t\t<\/div>\n\t\t\t<\/div>\n\t\t\t<div class=\"elementor-flip-box__layer elementor-flip-box__back\">\n\t\t\t<div class=\"elementor-flip-box__layer__overlay\">\n\t\t\t\t<div class=\"elementor-flip-box__layer__inner\">\n\t\t\t\t\t\t\t\t\t\t\t<h3 class=\"elementor-flip-box__layer__title\">\n\t\t\t\t\t\t\t Hyatt Regency\t\t\t\t\t\t<\/h3>\n\t\t\t\t\t\n\t\t\t\t\t\t\t\t\t\t\t<div class=\"elementor-flip-box__layer__description\">\n\t\t\t\t\t\t\t15 \u062f\u0642\u0627\u0626\u0642 \u0645\u0646 \u0633\u0627\u0641\u0643\u0633-SAFEX\t\t\t\t\t\t<\/div>\n\t\t\t\t\t\n\t\t\t\t\t\t\t\t\t\t\t<a class=\"elementor-flip-box__button elementor-button elementor-size-sm\" href=\"https:\/\/www.hyatt.com\/hyatt-regency\/fr-FR\/algra-hyatt-regency-algiers-airport\" target=\"_blank\">\n\t\t\t\t\t\t\t\u0627\u062d\u062c\u0632\t\t\t\t\t\t<\/a>\n\t\t\t\t\t\t\t\t<\/div>\n\t\t<\/div>\n\t\t<\/div>\n\t\t<\/div>\n\t\t\t\t\t\t<\/div>\n\t\t\t\t<\/div>\n\t\t\t\t\t<\/div>\n\t\t<\/div>\n\t\t\t\t<div class=\"elementor-column elementor-col-20 elementor-inner-column elementor-element elementor-element-a27ed49\" data-id=\"a27ed49\" data-element_type=\"column\">\n\t\t\t<div class=\"elementor-widget-wrap elementor-element-populated\">\n\t\t\t\t\t\t<div class=\"elementor-element elementor-element-ec8d842 elementor-flip-box--effect-fade elementor-widget elementor-widget-flip-box\" data-id=\"ec8d842\" data-element_type=\"widget\" data-widget_type=\"flip-box.default\">\n\t\t\t\t<div class=\"elementor-widget-container\">\n\t\t\t\t\t\t\t<div class=\"elementor-flip-box\" tabindex=\"0\">\n\t\t\t<div class=\"elementor-flip-box__layer elementor-flip-box__front\">\n\t\t\t\t<div class=\"elementor-flip-box__layer__overlay\">\n\t\t\t\t\t<div class=\"elementor-flip-box__layer__inner\">\n\t\t\t\t\t\t\n\t\t\t\t\t\t\t\t\t\t\t\t\t<h3 class=\"elementor-flip-box__layer__title\">\n\t\t\t\t\t\t\t\t Naya Hotel (ex Tulip Inn)\t\t\t\t\t\t\t<\/h3>\n\t\t\t\t\t\t\n\t\t\t\t\t\t\t\t\t\t\t\t\t<div class=\"elementor-flip-box__layer__description\">\n\t\t\t\t\t\t\t\t15 \u062f\u0642\u0627\u0626\u0642 \u0645\u0646 \u0633\u0627\u0641\u0643\u0633-SAFEX\t\t\t\t\t\t\t<\/div>\n\t\t\t\t\t\t\t\t\t\t\t<\/div>\n\t\t\t\t<\/div>\n\t\t\t<\/div>\n\t\t\t<div class=\"elementor-flip-box__layer elementor-flip-box__back\">\n\t\t\t<div class=\"elementor-flip-box__layer__overlay\">\n\t\t\t\t<div class=\"elementor-flip-box__layer__inner\">\n\t\t\t\t\t\t\t\t\t\t\t<h3 class=\"elementor-flip-box__layer__title\">\n\t\t\t\t\t\t\t Naya Hotel (ex Tulip Inn)\t\t\t\t\t\t<\/h3>\n\t\t\t\t\t\n\t\t\t\t\t\t\t\t\t\t\t<div class=\"elementor-flip-box__layer__description\">\n\t\t\t\t\t\t\t15 \u062f\u0642\u0627\u0626\u0642 \u0645\u0646 \u0633\u0627\u0641\u0643\u0633-SAFEX\t\t\t\t\t\t<\/div>\n\t\t\t\t\t\n\t\t\t\t\t\t\t\t\t\t\t<a class=\"elementor-flip-box__button elementor-button elementor-size-sm\" href=\"https:\/\/tulip-inn-naya.goldentulip.com\/en-us\/\" target=\"_blank\">\n\t\t\t\t\t\t\t\u0627\u062d\u062c\u0632\t\t\t\t\t\t<\/a>\n\t\t\t\t\t\t\t\t<\/div>\n\t\t<\/div>\n\t\t<\/div>\n\t\t<\/div>\n\t\t\t\t\t\t<\/div>\n\t\t\t\t<\/div>\n\t\t\t\t\t<\/div>\n\t\t<\/div>\n\t\t\t\t<div class=\"elementor-column elementor-col-20 elementor-inner-column elementor-element elementor-element-1832f0a\" data-id=\"1832f0a\" data-element_type=\"column\">\n\t\t\t<div class=\"elementor-widget-wrap\">\n\t\t\t\t\t\t\t<\/div>\n\t\t<\/div>\n\t\t\t\t\t<\/div>\n\t\t<\/section>\n\t\t\t\t\t<\/div>\n\t\t<\/div>\n\t\t\t\t\t<\/div>\n\t\t<\/section>\n\t\t\t\t<section class=\"elementor-section elementor-top-section elementor-element elementor-element-2902d27 elementor-section-full_width elementor-section-height-default elementor-section-height-default\" data-id=\"2902d27\" data-element_type=\"section\">\n\t\t\t\t\t\t<div class=\"elementor-container elementor-column-gap-custom\">\n\t\t\t\t\t<div class=\"elementor-column elementor-col-100 elementor-top-column elementor-element elementor-element-8eac8b2\" data-id=\"8eac8b2\" data-element_type=\"column\">\n\t\t\t<div class=\"elementor-widget-wrap elementor-element-populated\">\n\t\t\t\t\t\t<div class=\"elementor-element elementor-element-4d1019d elementor-widget elementor-widget-heading\" data-id=\"4d1019d\" data-element_type=\"widget\" data-widget_type=\"heading.default\">\n\t\t\t\t<div class=\"elementor-widget-container\">\n\t\t\t\t\t<h2 class=\"elementor-heading-title elementor-size-default\">\u0645\u0648\u0642\u0639 \u0627\u0644\u062d\u062f\u062b<\/h2>\t\t\t\t<\/div>\n\t\t\t\t<\/div>\n\t\t\t\t<div class=\"elementor-element elementor-element-6dcec57 elementor-widget elementor-widget-google_maps\" data-id=\"6dcec57\" data-element_type=\"widget\" data-widget_type=\"google_maps.default\">\n\t\t\t\t<div class=\"elementor-widget-container\">\n\t\t\t\t\t\t\t<div class=\"elementor-custom-embed\">\n\t\t\t<iframe loading=\"lazy\"\n\t\t\t\t\tsrc=\"https:\/\/maps.google.com\/maps?q=Safex%2C%20alger&#038;t=m&#038;z=13&#038;output=embed&#038;iwloc=near\"\n\t\t\t\t\ttitle=\"Safex, alger\"\n\t\t\t\t\taria-label=\"Safex, alger\"\n\t\t\t><\/iframe>\n\t\t<\/div>\n\t\t\t\t\t\t<\/div>\n\t\t\t\t<\/div>\n\t\t\t\t\t<\/div>\n\t\t<\/div>\n\t\t\t\t\t<\/div>\n\t\t<\/section>\n\t\t\t\t<\/div>\n\t\t","protected":false},"excerpt":{"rendered":"<p>\u0645\u0639\u0644\u0648\u0645\u0627\u062a \u0639\u0645\u0644\u064a\u0629 \u0645\u0648\u0642\u0639 \u0627\u0644\u0639\u0631\u0636 \u0633\u064a\u0642\u0627\u0645 \u0645\u0639\u0631\u0636 SINAA Expo Industries \u0641\u064a \u0642\u0635\u0631 \u0627\u0644\u0645\u0639\u0627\u0631\u0636 SAFEX \u0628\u0627\u0644\u062c\u0632\u0627\u0626\u0631 \u0627\u0644\u0639\u0627\u0635\u0645\u0629 \u0639\u0644\u0649 \u0645\u0633\u062a\u0648\u0649 \u0627\u0644\u062c\u0646\u0627\u062d\/\u0627\u0644\u0642\u0627\u0639\u0629 \u00ab\u0627\u0644\u0645\u0631\u0643\u0632\u064a\u00bb. \u0644\u0625\u0631\u0634\u0627\u062f\u0643\u060c \u0639\u0646\u062f\u0645\u0627 \u062a\u0643\u0648\u0646 \u0639\u0644\u0649 \u0627\u0644\u0633\u0627\u062d\u0629 \u0627\u0644\u0631\u0626\u064a\u0633\u064a\u0629 \u0644\u0640 SAFEX\u060c \u064a\u0642\u0639 \u0627\u0644\u062c\u0646\u0627\u062d \u0627\u0644\u0645\u0631\u0643\u0632\u064a \u00abPAVILLON CENTRAL\u00bb \u0641\u064a \u0627\u0644\u062c\u0647\u0629 \u0627\u0644\u0645\u0642\u0627\u0628\u0644\u0629 \u062a\u0645\u0627\u0645\u064b\u0627. \u062a\u0642\u0648\u064a\u0645 \u0627\u0644\u0628\u0631\u064a\u062f \u0627\u0644\u0625\u0644\u0643\u062a\u0631\u0648\u0646\u064a \u0627\u0644\u062a\u0648\u0627\u0631\u064a\u062e \u0648\u0627\u0644\u0623\u0648\u0642\u0627\u062a \u0627\u0644\u062b\u0644\u0627\u062b\u0627\u0621 1 \u062f\u064a\u0633\u0645\u0628\u0631 2026: 09:00-18:00 \u0627\u0644\u0623\u0631\u0628\u0639\u0627\u0621 2 \u062f\u064a\u0633\u0645\u0628\u0631 2026: 09:00-18:00 \u0627\u0644\u062e\u0645\u064a\u0633 3 \u062f\u064a\u0633\u0645\u0628\u0631 2026: [&hellip;]<\/p>\n","protected":false},"author":1,"featured_media":0,"parent":0,"menu_order":0,"comment_status":"closed","ping_status":"closed","template":"","meta":{"_seopress_robots_primary_cat":"","_seopress_titles_title":"Infos pratiques I Planifiez votre visite","_seopress_titles_desc":"D\u00e9tails du lieu, heures d'ouverture et h\u00f4tels \u00e0 proximit\u00e9.","_seopress_robots_index":"","footnotes":""},"class_list":["post-37749","page","type-page","status-publish","hentry"],"_links":{"self":[{"href":"https:\/\/www.sinaadz.com\/ar\/wp-json\/wp\/v2\/pages\/37749","targetHints":{"allow":["GET"]}}],"collection":[{"href":"https:\/\/www.sinaadz.com\/ar\/wp-json\/wp\/v2\/pages"}],"about":[{"href":"https:\/\/www.sinaadz.com\/ar\/wp-json\/wp\/v2\/types\/page"}],"author":[{"embeddable":true,"href":"https:\/\/www.sinaadz.com\/ar\/wp-json\/wp\/v2\/users\/1"}],"replies":[{"embeddable":true,"href":"https:\/\/www.sinaadz.com\/ar\/wp-json\/wp\/v2\/comments?post=37749"}],"version-history":[{"count":5,"href":"https:\/\/www.sinaadz.com\/ar\/wp-json\/wp\/v2\/pages\/37749\/revisions"}],"predecessor-version":[{"id":72039,"href":"https:\/\/www.sinaadz.com\/ar\/wp-json\/wp\/v2\/pages\/37749\/revisions\/72039"}],"wp:attachment":[{"href":"https:\/\/www.sinaadz.com\/ar\/wp-json\/wp\/v2\/media?parent=37749"}],"curies":[{"name":"wp","href":"https:\/\/api.w.org\/{rel}","templated":true}]}}